{"id":12,"date":"2023-07-07T19:50:41","date_gmt":"2023-07-07T17:50:41","guid":{"rendered":"https:\/\/retrust.elviskonjoh.com\/?page_id=12"},"modified":"2023-07-07T23:25:54","modified_gmt":"2023-07-07T21:25:54","slug":"beaux-portfolios-pour-des-creatifs-exceptionnels","status":"publish","type":"page","link":"https:\/\/retrust.elviskonjoh.com\/","title":{"rendered":"Construisons ensemble l&#8217;Afrique dont nous r\u00eavons"},"content":{"rendered":"\n<p class=\"has-text-align-center\">D\u00e9couvrez des opportunit\u00e9s d&#8217;investissement transformantes en soutenant des projets innovants gr\u00e2ce \u00e0 la puissance de la technologie blockchain et \u00e0 une transparence sans \u00e9gal. Rejoignez-nous d\u00e8s maintenant et soyez au c\u0153ur de la croissance \u00e9conomique de demain, avec confiance et tra\u00e7abilit\u00e9.<\/p>\n\n\n\n<div style=\"height:55px\" aria-hidden=\"true\" class=\"wp-block-spacer\"><\/div>\n\n\n\n<div class=\"wp-block-group alignfull has-background is-layout-flow\" style=\"background-color:#e5e9ec\"><div class=\"wp-block-group__inner-container\">\n<div class=\"wp-block-columns is-layout-flex wp-container-4\">\n<div class=\"wp-block-column is-vertically-aligned-center is-layout-flow\">\n<h2 class=\"wp-block-heading\">Acc\u00e8s \u00e9quitable aux financements<\/h2>\n\n\n\n<p class=\"justify_text\">Financements pour tous les entrepreneurs africains Br\u00e8ve explication : Notre plateforme permet aux entrepreneurs africains de pr\u00e9senter leurs projets et d&#8217;obtenir les financements n\u00e9cessaires, offrant ainsi un acc\u00e8s \u00e9quitable aux opportunit\u00e9s de croissance. Avec des processus simplifi\u00e9s et une \u00e9valuation rigoureuse, nous cr\u00e9ons des opportunit\u00e9s pour tous les entrepreneurs.<\/p>\n\n\n\n<div class=\"wp-block-buttons is-horizontal is-content-justification-left is-layout-flex wp-container-1\">\n<div class=\"wp-block-button is-style-outline\"><a class=\"wp-block-button__link wp-element-button\" href=\"https:\/\/retrust.elviskonjoh.com\/index.php\/notre-idee\/\">LIRE PLUS<\/a><\/div>\n<\/div>\n\n\n\n<p><\/p>\n<\/div>\n\n\n\n<div class=\"wp-block-column is-layout-flow\">\n<div style=\"height:48px\" aria-hidden=\"true\" class=\"wp-block-spacer\"><\/div>\n\n\n\n<figure class=\"wp-block-image size-large\"><img decoding=\"async\" loading=\"lazy\" width=\"1024\" height=\"682\" src=\"https:\/\/retrust.elviskonjoh.com\/wp-content\/uploads\/2023\/07\/30034948-adobestock-219368840-1024x682.jpeg\" alt=\"\" class=\"wp-image-34\" srcset=\"https:\/\/retrust.elviskonjoh.com\/wp-content\/uploads\/2023\/07\/30034948-adobestock-219368840-1024x682.jpeg 1024w, https:\/\/retrust.elviskonjoh.com\/wp-content\/uploads\/2023\/07\/30034948-adobestock-219368840-300x200.jpeg 300w, https:\/\/retrust.elviskonjoh.com\/wp-content\/uploads\/2023\/07\/30034948-adobestock-219368840-768x512.jpeg 768w, https:\/\/retrust.elviskonjoh.com\/wp-content\/uploads\/2023\/07\/30034948-adobestock-219368840-600x400.jpeg 600w, https:\/\/retrust.elviskonjoh.com\/wp-content\/uploads\/2023\/07\/30034948-adobestock-219368840-1200x800.jpeg 1200w, https:\/\/retrust.elviskonjoh.com\/wp-content\/uploads\/2023\/07\/30034948-adobestock-219368840.jpeg 1400w\" sizes=\"(max-width: 1024px) 100vw, 1024px\" \/><\/figure>\n<\/div>\n<\/div>\n<\/div><\/div>\n\n\n\n<div class=\"wp-block-group alignfull has-pale-ocean-gradient-background has-background is-layout-flow\"><div class=\"wp-block-group__inner-container\">\n<div class=\"wp-block-columns is-layout-flex wp-container-9\">\n<div class=\"wp-block-column is-layout-flow\">\n<div style=\"height:48px\" aria-hidden=\"true\" class=\"wp-block-spacer\"><\/div>\n\n\n\n<figure class=\"wp-block-image size-large is-resized\"><img decoding=\"async\" loading=\"lazy\" src=\"https:\/\/retrust.elviskonjoh.com\/wp-content\/uploads\/2023\/07\/5f9b837d2d99b6cc9c72bb7d_00-Header@2x-1024x686.png\" alt=\"\" class=\"wp-image-36\" width=\"404\" height=\"270\" srcset=\"https:\/\/retrust.elviskonjoh.com\/wp-content\/uploads\/2023\/07\/5f9b837d2d99b6cc9c72bb7d_00-Header@2x-1024x686.png 1024w, https:\/\/retrust.elviskonjoh.com\/wp-content\/uploads\/2023\/07\/5f9b837d2d99b6cc9c72bb7d_00-Header@2x-300x201.png 300w, https:\/\/retrust.elviskonjoh.com\/wp-content\/uploads\/2023\/07\/5f9b837d2d99b6cc9c72bb7d_00-Header@2x-768x514.png 768w, https:\/\/retrust.elviskonjoh.com\/wp-content\/uploads\/2023\/07\/5f9b837d2d99b6cc9c72bb7d_00-Header@2x-1536x1029.png 1536w, https:\/\/retrust.elviskonjoh.com\/wp-content\/uploads\/2023\/07\/5f9b837d2d99b6cc9c72bb7d_00-Header@2x-2048x1372.png 2048w, https:\/\/retrust.elviskonjoh.com\/wp-content\/uploads\/2023\/07\/5f9b837d2d99b6cc9c72bb7d_00-Header@2x-2000x1340.png 2000w, https:\/\/retrust.elviskonjoh.com\/wp-content\/uploads\/2023\/07\/5f9b837d2d99b6cc9c72bb7d_00-Header@2x-600x402.png 600w, https:\/\/retrust.elviskonjoh.com\/wp-content\/uploads\/2023\/07\/5f9b837d2d99b6cc9c72bb7d_00-Header@2x-1200x804.png 1200w\" sizes=\"(max-width: 404px) 100vw, 404px\" \/><\/figure>\n<\/div>\n\n\n\n<div class=\"wp-block-column is-vertically-aligned-center is-layout-flow\">\n<h2 class=\"wp-block-heading\">Diversification des investissements<\/h2>\n\n\n\n<p class=\"justify_text\">Notre plateforme offre aux investisseurs la possibilit\u00e9 de soutenir une gamme vari\u00e9e de projets prometteurs en Afrique, permettant ainsi une diversification des investissements. Des projets immobiliers aux technologies de pointe, d\u00e9couvrez des opportunit\u00e9s qui correspondent \u00e0 vos objectifs.<\/p>\n\n\n\n<div class=\"wp-block-buttons is-horizontal is-content-justification-left is-layout-flex wp-container-7\">\n<div class=\"wp-block-button is-style-outline\"><a class=\"wp-block-button__link wp-element-button\" href=\"https:\/\/retrust.elviskonjoh.com\/index.php\/notre-idee\/\">LIRE PLUS<\/a><\/div>\n<\/div>\n\n\n\n<p><\/p>\n<\/div>\n<\/div>\n<\/div><\/div>\n\n\n\n<div class=\"wp-block-group alignfull has-background is-layout-flow\" style=\"background-color:#e5e9ec\"><div class=\"wp-block-group__inner-container\">\n<div class=\"wp-block-columns is-layout-flex wp-container-14\">\n<div class=\"wp-block-column is-vertically-aligned-center is-layout-flow\">\n<h2 class=\"wp-block-heading\">Transparence et confiance gr\u00e2ce \u00e0 la blockchain<\/h2>\n\n\n\n<p class=\"justify_text\">Gr\u00e2ce \u00e0 l&#8217;utilisation de la technologie blockchain, notre plateforme garantit une transparence in\u00e9gal\u00e9e dans le processus d&#8217;investissement. Chaque transaction est enregistr\u00e9e de mani\u00e8re immuable, offrant une confiance totale et une tra\u00e7abilit\u00e9 compl\u00e8te des fonds investis.<\/p>\n\n\n\n<div class=\"wp-block-buttons is-horizontal is-content-justification-left is-layout-flex wp-container-11\">\n<div class=\"wp-block-button is-style-outline\"><a class=\"wp-block-button__link wp-element-button\" href=\"https:\/\/retrust.elviskonjoh.com\/index.php\/notre-idee\/\">LIRE PLUS<\/a><\/div>\n<\/div>\n\n\n\n<p><\/p>\n<\/div>\n\n\n\n<div class=\"wp-block-column is-layout-flow\">\n<div style=\"height:48px\" aria-hidden=\"true\" class=\"wp-block-spacer\"><\/div>\n\n\n\n<figure class=\"wp-block-image size-large\"><img decoding=\"async\" loading=\"lazy\" width=\"1024\" height=\"767\" src=\"https:\/\/retrust.elviskonjoh.com\/wp-content\/uploads\/2023\/07\/blockchain2-1024x767.png\" alt=\"\" class=\"wp-image-37\" srcset=\"https:\/\/retrust.elviskonjoh.com\/wp-content\/uploads\/2023\/07\/blockchain2-1024x767.png 1024w, https:\/\/retrust.elviskonjoh.com\/wp-content\/uploads\/2023\/07\/blockchain2-300x225.png 300w, https:\/\/retrust.elviskonjoh.com\/wp-content\/uploads\/2023\/07\/blockchain2-768x575.png 768w, https:\/\/retrust.elviskonjoh.com\/wp-content\/uploads\/2023\/07\/blockchain2-600x450.png 600w, https:\/\/retrust.elviskonjoh.com\/wp-content\/uploads\/2023\/07\/blockchain2-1200x899.png 1200w, https:\/\/retrust.elviskonjoh.com\/wp-content\/uploads\/2023\/07\/blockchain2.png 1280w\" sizes=\"(max-width: 1024px) 100vw, 1024px\" \/><\/figure>\n<\/div>\n<\/div>\n<\/div><\/div>\n\n\n\n<div class=\"wp-block-group alignfull has-pale-ocean-gradient-background has-background is-layout-flow\"><div class=\"wp-block-group__inner-container\">\n<div class=\"wp-block-columns is-layout-flex wp-container-19\">\n<div class=\"wp-block-column is-layout-flow\">\n<div style=\"height:48px\" aria-hidden=\"true\" class=\"wp-block-spacer\"><\/div>\n\n\n\n<figure class=\"wp-block-image size-full\"><img decoding=\"async\" loading=\"lazy\" width=\"592\" height=\"436\" src=\"https:\/\/retrust.elviskonjoh.com\/wp-content\/uploads\/2023\/07\/6-leonora-buckland-impact-measurement.592x436.jpg\" alt=\"\" class=\"wp-image-42\" srcset=\"https:\/\/retrust.elviskonjoh.com\/wp-content\/uploads\/2023\/07\/6-leonora-buckland-impact-measurement.592x436.jpg 592w, https:\/\/retrust.elviskonjoh.com\/wp-content\/uploads\/2023\/07\/6-leonora-buckland-impact-measurement.592x436-300x221.jpg 300w\" sizes=\"(max-width: 592px) 100vw, 592px\" \/><\/figure>\n<\/div>\n\n\n\n<div class=\"wp-block-column is-vertically-aligned-center is-layout-flow\">\n<h2 class=\"wp-block-heading\">Impact social et d\u00e9veloppement durable<\/h2>\n\n\n\n<p class=\"justify_text\">En investissant dans les projets pr\u00e9sent\u00e9s sur notre plateforme, vous contribuez directement au d\u00e9veloppement \u00e9conomique et social de l&#8217;Afrique. Nous mettons l&#8217;accent sur des initiatives \u00e0 fort impact qui favorisent la cr\u00e9ation d&#8217;emplois, l&#8217;autonomisation des communaut\u00e9s locales et la promotion du d\u00e9veloppement durable. Faites partir du changement d\u00e8s aujourd&#8217;hui.<\/p>\n\n\n\n<div class=\"wp-block-buttons is-horizontal is-content-justification-left is-layout-flex wp-container-17\">\n<div class=\"wp-block-button is-style-outline\"><a class=\"wp-block-button__link wp-element-button\" href=\"https:\/\/retrust.elviskonjoh.com\/index.php\/notre-idee\/\">LIRE PLUS<\/a><\/div>\n<\/div>\n\n\n\n<p><\/p>\n<\/div>\n<\/div>\n<\/div><\/div>\n\n\n\n<h1 class=\"wp-block-heading has-text-align-center\">Quelques services de WeBuildIt<\/h1>\n\n\n\n<div class=\"wp-block-group alignwide has-white-background-color has-background is-layout-constrained\"><div class=\"wp-block-group__inner-container\">\n<div class=\"wp-block-columns alignwide are-vertically-aligned-top is-layout-flex wp-container-24\">\n<div class=\"wp-block-column is-vertically-aligned-top is-layout-flow\"><div class=\"wp-block-image\">\n<figure class=\"aligncenter size-full is-resized\"><img decoding=\"async\" loading=\"lazy\" src=\"https:\/\/retrust.elviskonjoh.com\/wp-content\/uploads\/2023\/07\/109859.png\" alt=\"\" class=\"wp-image-49\" width=\"172\" height=\"172\" srcset=\"https:\/\/retrust.elviskonjoh.com\/wp-content\/uploads\/2023\/07\/109859.png 512w, https:\/\/retrust.elviskonjoh.com\/wp-content\/uploads\/2023\/07\/109859-300x300.png 300w, https:\/\/retrust.elviskonjoh.com\/wp-content\/uploads\/2023\/07\/109859-150x150.png 150w\" sizes=\"(max-width: 172px) 100vw, 172px\" \/><\/figure><\/div>\n\n\n<p class=\"has-black-color has-text-color has-medium-font-size\">Analyse rapide et fiable<\/p>\n\n\n\n<p class=\"justify_text has-text-color\" style=\"color:#7a7a7a\">Obtenez des \u00e9tudes de march\u00e9 et des analyses approfondies de mani\u00e8re rapide et fiable pour prendre des d\u00e9cisions \u00e9clair\u00e9es sur vos investissements.<\/p>\n<\/div>\n\n\n\n<div class=\"wp-block-column is-vertically-aligned-top is-layout-flow\">\n<figure class=\"wp-block-image size-full\"><img decoding=\"async\" loading=\"lazy\" width=\"512\" height=\"343\" src=\"https:\/\/retrust.elviskonjoh.com\/wp-content\/uploads\/2023\/07\/credit-immobilier-fiable-pour-les-fonctionnaire.jpg\" alt=\"\" class=\"wp-image-50\" srcset=\"https:\/\/retrust.elviskonjoh.com\/wp-content\/uploads\/2023\/07\/credit-immobilier-fiable-pour-les-fonctionnaire.jpg 512w, https:\/\/retrust.elviskonjoh.com\/wp-content\/uploads\/2023\/07\/credit-immobilier-fiable-pour-les-fonctionnaire-300x201.jpg 300w\" sizes=\"(max-width: 512px) 100vw, 512px\" \/><\/figure>\n\n\n\n<p class=\"has-black-color has-text-color has-medium-font-size\">Financement Rapide<\/p>\n\n\n\n<p class=\"justify_text has-text-color\" style=\"color:#7a7a7a\">Acc\u00e9dez \u00e0 des opportunit\u00e9s de financement participatif et investissez rapidement dans des projets prometteurs pour soutenir l&#8217;innovation et la croissance.<\/p>\n<\/div>\n\n\n\n<div class=\"wp-block-column is-vertically-aligned-top is-layout-flow\"><div class=\"wp-block-image\">\n<figure class=\"aligncenter size-full is-resized\"><img decoding=\"async\" loading=\"lazy\" src=\"https:\/\/retrust.elviskonjoh.com\/wp-content\/uploads\/2023\/07\/88-881191_suivi-de-vos-paiements-icone-de-busca-png.jpg\" alt=\"\" class=\"wp-image-51\" width=\"290\" height=\"174\" srcset=\"https:\/\/retrust.elviskonjoh.com\/wp-content\/uploads\/2023\/07\/88-881191_suivi-de-vos-paiements-icone-de-busca-png.jpg 840w, https:\/\/retrust.elviskonjoh.com\/wp-content\/uploads\/2023\/07\/88-881191_suivi-de-vos-paiements-icone-de-busca-png-300x181.jpg 300w, https:\/\/retrust.elviskonjoh.com\/wp-content\/uploads\/2023\/07\/88-881191_suivi-de-vos-paiements-icone-de-busca-png-768x463.jpg 768w, https:\/\/retrust.elviskonjoh.com\/wp-content\/uploads\/2023\/07\/88-881191_suivi-de-vos-paiements-icone-de-busca-png-600x361.jpg 600w\" sizes=\"(max-width: 290px) 100vw, 290px\" \/><\/figure><\/div>\n\n\n<p class=\"has-black-color has-text-color has-medium-font-size\">Suivi Transparent<\/p>\n\n\n\n<p class=\"justify_text has-text-color\" style=\"color:#7a7a7a\">Suivez en toute transparence et en temps r\u00e9el les performances et l&#8217;\u00e9volution de vos investissements gr\u00e2ce \u00e0 notre outil de suivi avanc\u00e9.<\/p>\n<\/div>\n<\/div>\n<\/div><\/div>\n\n\n\n<div class=\"wp-block-group alignfull has-black-background-color has-background is-layout-flow\"><div class=\"wp-block-group__inner-container\">\n<h2 class=\"wp-block-heading has-text-align-center has-white-color has-text-color\"><strong>Gall\u00e9rie<\/strong><\/h2>\n\n\n\n<figure class=\"wp-block-gallery aligncenter has-nested-images columns-default is-cropped wp-block-gallery-26 is-layout-flex\">\n<figure class=\"wp-block-image size-large\"><img decoding=\"async\" loading=\"lazy\" width=\"1024\" height=\"883\" src=\"https:\/\/retrust.elviskonjoh.com\/wp-content\/uploads\/2023\/07\/7269688348_54ca1fa5b0_o-1024x883.jpg\" alt=\"\" class=\"wp-image-58\" srcset=\"https:\/\/retrust.elviskonjoh.com\/wp-content\/uploads\/2023\/07\/7269688348_54ca1fa5b0_o-1024x883.jpg 1024w, https:\/\/retrust.elviskonjoh.com\/wp-content\/uploads\/2023\/07\/7269688348_54ca1fa5b0_o-300x259.jpg 300w, https:\/\/retrust.elviskonjoh.com\/wp-content\/uploads\/2023\/07\/7269688348_54ca1fa5b0_o-768x663.jpg 768w, https:\/\/retrust.elviskonjoh.com\/wp-content\/uploads\/2023\/07\/7269688348_54ca1fa5b0_o-600x518.jpg 600w, https:\/\/retrust.elviskonjoh.com\/wp-content\/uploads\/2023\/07\/7269688348_54ca1fa5b0_o-1200x1035.jpg 1200w, https:\/\/retrust.elviskonjoh.com\/wp-content\/uploads\/2023\/07\/7269688348_54ca1fa5b0_o.jpg 1500w\" sizes=\"(max-width: 1024px) 100vw, 1024px\" \/><\/figure>\n\n\n\n<figure class=\"wp-block-image size-large\"><img decoding=\"async\" loading=\"lazy\" width=\"1024\" height=\"683\" src=\"https:\/\/retrust.elviskonjoh.com\/wp-content\/uploads\/2023\/07\/visu-construction-immobiliere-metiers-1024x683.jpg\" alt=\"\" class=\"wp-image-59\" srcset=\"https:\/\/retrust.elviskonjoh.com\/wp-content\/uploads\/2023\/07\/visu-construction-immobiliere-metiers-1024x683.jpg 1024w, https:\/\/retrust.elviskonjoh.com\/wp-content\/uploads\/2023\/07\/visu-construction-immobiliere-metiers-300x200.jpg 300w, https:\/\/retrust.elviskonjoh.com\/wp-content\/uploads\/2023\/07\/visu-construction-immobiliere-metiers-768x512.jpg 768w, https:\/\/retrust.elviskonjoh.com\/wp-content\/uploads\/2023\/07\/visu-construction-immobiliere-metiers-600x400.jpg 600w, https:\/\/retrust.elviskonjoh.com\/wp-content\/uploads\/2023\/07\/visu-construction-immobiliere-metiers-1200x800.jpg 1200w, https:\/\/retrust.elviskonjoh.com\/wp-content\/uploads\/2023\/07\/visu-construction-immobiliere-metiers.jpg 1254w\" sizes=\"(max-width: 1024px) 100vw, 1024px\" \/><\/figure>\n\n\n\n<figure class=\"wp-block-image size-full\"><img decoding=\"async\" loading=\"lazy\" width=\"450\" height=\"300\" src=\"https:\/\/retrust.elviskonjoh.com\/wp-content\/uploads\/2023\/07\/63538747-mini-bulldozer-jaune-travaillant-avec-la-terre-le-sol-en-mouvement-et-faire-des-travaux-d.webp\" alt=\"\" class=\"wp-image-56\" srcset=\"https:\/\/retrust.elviskonjoh.com\/wp-content\/uploads\/2023\/07\/63538747-mini-bulldozer-jaune-travaillant-avec-la-terre-le-sol-en-mouvement-et-faire-des-travaux-d.webp 450w, https:\/\/retrust.elviskonjoh.com\/wp-content\/uploads\/2023\/07\/63538747-mini-bulldozer-jaune-travaillant-avec-la-terre-le-sol-en-mouvement-et-faire-des-travaux-d-300x200.webp 300w\" sizes=\"(max-width: 450px) 100vw, 450px\" \/><\/figure>\n\n\n\n<figure class=\"wp-block-image size-large\"><img decoding=\"async\" loading=\"lazy\" width=\"1024\" height=\"593\" src=\"https:\/\/retrust.elviskonjoh.com\/wp-content\/uploads\/2023\/07\/kidal-portraits_femmes_resilientes-04-1024x593.jpg\" alt=\"\" class=\"wp-image-61\" srcset=\"https:\/\/retrust.elviskonjoh.com\/wp-content\/uploads\/2023\/07\/kidal-portraits_femmes_resilientes-04-1024x593.jpg 1024w, https:\/\/retrust.elviskonjoh.com\/wp-content\/uploads\/2023\/07\/kidal-portraits_femmes_resilientes-04-300x174.jpg 300w, https:\/\/retrust.elviskonjoh.com\/wp-content\/uploads\/2023\/07\/kidal-portraits_femmes_resilientes-04-768x445.jpg 768w, https:\/\/retrust.elviskonjoh.com\/wp-content\/uploads\/2023\/07\/kidal-portraits_femmes_resilientes-04-600x348.jpg 600w, https:\/\/retrust.elviskonjoh.com\/wp-content\/uploads\/2023\/07\/kidal-portraits_femmes_resilientes-04.jpg 1200w\" sizes=\"(max-width: 1024px) 100vw, 1024px\" \/><\/figure>\n\n\n\n<figure class=\"wp-block-image size-large\"><img decoding=\"async\" src=\"https:\/\/retrust.elviskonjoh.com\/wp-content\/themes\/inspiro\/assets\/images\/StockSnap_89BQZ89TLH.jpg\" alt=\"\" class=\"wp-image-24\"\/><\/figure>\n\n\n\n<figure class=\"wp-block-image size-full\"><img decoding=\"async\" loading=\"lazy\" width=\"729\" height=\"486\" src=\"https:\/\/retrust.elviskonjoh.com\/wp-content\/uploads\/2023\/07\/elevage-poulets-Loue_0.webp\" alt=\"\" class=\"wp-image-62\" srcset=\"https:\/\/retrust.elviskonjoh.com\/wp-content\/uploads\/2023\/07\/elevage-poulets-Loue_0.webp 729w, https:\/\/retrust.elviskonjoh.com\/wp-content\/uploads\/2023\/07\/elevage-poulets-Loue_0-300x200.webp 300w, https:\/\/retrust.elviskonjoh.com\/wp-content\/uploads\/2023\/07\/elevage-poulets-Loue_0-600x400.webp 600w\" sizes=\"(max-width: 729px) 100vw, 729px\" \/><\/figure>\n<\/figure>\n<\/div><\/div>\n\n\n\n<div class=\"wp-block-cover alignfull has-parallax is-position-center-center\" style=\"min-height:375px\"><span aria-hidden=\"true\" class=\"wp-block-cover__background has-black-background-color has-background-dim-40 has-background-dim\"><\/span><div role=\"img\" class=\"wp-block-cover__image-background wp-image-24 has-parallax\" style=\"background-position:50% 50%;background-image:url(https:\/\/retrust.elviskonjoh.com\/wp-content\/themes\/inspiro\/assets\/images\/StockSnap_89BQZ89TLH.jpg)\"><\/div><div class=\"wp-block-cover__inner-container\">\n<p class=\"has-text-align-center has-text-color has-huge-font-size\" style=\"color:#fffffa;line-height:1.1\"><strong>Comment nous contacter<\/strong><\/p>\n\n\n\n<p>Nous sommes ravis de r\u00e9pondre \u00e0 toutes vos questions et de vous fournir plus d&#8217;informations sur notre plateforme d&#8217;investissement participatif bas\u00e9e sur la blockchain en Afrique. N&#8217;h\u00e9sitez pas \u00e0 nous contacter<\/p>\n\n\n\n<div class=\"wp-block-buttons is-horizontal is-content-justification-center is-layout-flex wp-container-29\">\n<div class=\"wp-block-button is-style-outline\"><a class=\"wp-block-button__link has-white-color has-text-color wp-element-button\" href=\"https:\/\/retrust.elviskonjoh.com\/index.php\/contact\/\">En savoir plus<\/a><\/div>\n<\/div>\n<\/div><\/div>\n","protected":false},"excerpt":{"rendered":"<p>D\u00e9couvrez des opportunit\u00e9s d&#8217;investissement transformantes en soutenant des projets innovants gr\u00e2ce \u00e0 la puissance de la technologie blockchain et \u00e0 une transparence sans \u00e9gal. Rejoignez-nous d\u00e8s maintenant et soyez au c\u0153ur de la croissance \u00e9conomique de demain, avec confiance et tra\u00e7abilit\u00e9. Acc\u00e8s \u00e9quitable aux financements Financements pour tous les entrepreneurs africains Br\u00e8ve explication : Notre &hellip; <\/p>\n<p class=\"link-more\"><a href=\"https:\/\/retrust.elviskonjoh.com\/\" class=\"more-link\">Read more<span class=\"screen-reader-text\"> &#8220;Construisons ensemble l&#8217;Afrique dont nous r\u00eavons&#8221;<\/span><\/a><\/p>\n","protected":false},"author":1,"featured_media":85,"parent":0,"menu_order":0,"comment_status":"closed","ping_status":"closed","template":"","meta":{"content-type":""},"featured_media_urls":{"thumbnail":["https:\/\/retrust.elviskonjoh.com\/wp-content\/uploads\/2023\/07\/vision_20statement_20examples-150x150.webp",150,150,true],"medium":["https:\/\/retrust.elviskonjoh.com\/wp-content\/uploads\/2023\/07\/vision_20statement_20examples-300x127.webp",300,127,true],"medium_large":["https:\/\/retrust.elviskonjoh.com\/wp-content\/uploads\/2023\/07\/vision_20statement_20examples-768x325.webp",768,325,true],"large":["https:\/\/retrust.elviskonjoh.com\/wp-content\/uploads\/2023\/07\/vision_20statement_20examples-1024x433.webp",950,402,true],"1536x1536":["https:\/\/retrust.elviskonjoh.com\/wp-content\/uploads\/2023\/07\/vision_20statement_20examples-1536x650.webp",1536,650,true],"2048x2048":["https:\/\/retrust.elviskonjoh.com\/wp-content\/uploads\/2023\/07\/vision_20statement_20examples.webp",1848,782,false],"inspiro-featured-image":["https:\/\/retrust.elviskonjoh.com\/wp-content\/uploads\/2023\/07\/vision_20statement_20examples.webp",1848,782,false],"inspiro-loop":["https:\/\/retrust.elviskonjoh.com\/wp-content\/uploads\/2023\/07\/vision_20statement_20examples-950x320.webp",950,320,true],"inspiro-loop@2x":["https:\/\/retrust.elviskonjoh.com\/wp-content\/uploads\/2023\/07\/vision_20statement_20examples-1848x640.webp",1848,640,true],"portfolio_item-thumbnail":["https:\/\/retrust.elviskonjoh.com\/wp-content\/uploads\/2023\/07\/vision_20statement_20examples-600x400.webp",600,400,true],"portfolio_item-thumbnail@2x":["https:\/\/retrust.elviskonjoh.com\/wp-content\/uploads\/2023\/07\/vision_20statement_20examples-1200x782.webp",1200,782,true],"portfolio_item-masonry":["https:\/\/retrust.elviskonjoh.com\/wp-content\/uploads\/2023\/07\/vision_20statement_20examples-600x254.webp",600,254,true],"portfolio_item-masonry@2x":["https:\/\/retrust.elviskonjoh.com\/wp-content\/uploads\/2023\/07\/vision_20statement_20examples-1200x508.webp",1200,508,true],"portfolio_item-thumbnail_cinema":["https:\/\/retrust.elviskonjoh.com\/wp-content\/uploads\/2023\/07\/vision_20statement_20examples-800x335.webp",800,335,true],"portfolio_item-thumbnail_portrait":["https:\/\/retrust.elviskonjoh.com\/wp-content\/uploads\/2023\/07\/vision_20statement_20examples-600x782.webp",600,782,true],"portfolio_item-thumbnail_portrait@2x":["https:\/\/retrust.elviskonjoh.com\/wp-content\/uploads\/2023\/07\/vision_20statement_20examples-1200x782.webp",1200,782,true],"portfolio_item-thumbnail_square":["https:\/\/retrust.elviskonjoh.com\/wp-content\/uploads\/2023\/07\/vision_20statement_20examples-800x782.webp",800,782,true]},"_links":{"self":[{"href":"https:\/\/retrust.elviskonjoh.com\/index.php\/wp-json\/wp\/v2\/pages\/12"}],"collection":[{"href":"https:\/\/retrust.elviskonjoh.com\/index.php\/wp-json\/wp\/v2\/pages"}],"about":[{"href":"https:\/\/retrust.elviskonjoh.com\/index.php\/wp-json\/wp\/v2\/types\/page"}],"author":[{"embeddable":true,"href":"https:\/\/retrust.elviskonjoh.com\/index.php\/wp-json\/wp\/v2\/users\/1"}],"replies":[{"embeddable":true,"href":"https:\/\/retrust.elviskonjoh.com\/index.php\/wp-json\/wp\/v2\/comments?post=12"}],"version-history":[{"count":14,"href":"https:\/\/retrust.elviskonjoh.com\/index.php\/wp-json\/wp\/v2\/pages\/12\/revisions"}],"predecessor-version":[{"id":90,"href":"https:\/\/retrust.elviskonjoh.com\/index.php\/wp-json\/wp\/v2\/pages\/12\/revisions\/90"}],"wp:featuredmedia":[{"embeddable":true,"href":"https:\/\/retrust.elviskonjoh.com\/index.php\/wp-json\/wp\/v2\/media\/85"}],"wp:attachment":[{"href":"https:\/\/retrust.elviskonjoh.com\/index.php\/wp-json\/wp\/v2\/media?parent=12"}],"curies":[{"name":"wp","href":"https:\/\/api.w.org\/{rel}","templated":true}]}}